{"id":482,"date":"2021-07-06T10:24:05","date_gmt":"2021-07-06T10:24:05","guid":{"rendered":"https:\/\/cartografarvoltaire.uc.pt\/projet\/"},"modified":"2022-12-09T16:38:30","modified_gmt":"2022-12-09T16:38:30","slug":"projet","status":"publish","type":"page","link":"https:\/\/cartografarvoltaire.uc.pt\/fr\/projet\/","title":{"rendered":"Projet"},"content":{"rendered":"\n<h2 class=\"wp-block-heading\" id=\"projeto\">Projet<\/h2>\n\n\n\n<p class=\"has-text-align-left\">Le projet \u00ab\u00a0Cartographier Voltaire au Portugal et dans la Litt\u00e9rature Portugaise\u00a0\u00bb vise \u00e0 \u00e9tablir et \u00e0 analyser<br>le \u00ab\u00a0corpus\u00a0\u00bb des traductions portugaises des \u0153uvres de Voltaire &#8211; fiction narrative et dramatique, \u00e9pop\u00e9e, essais philosophiques et politiques -, de la fin du XVIII<sup>e<\/sup> si\u00e8cle \u00e0 nos jours. Un ensemble de textes critiques associ\u00e9s \u00e0 ce \u00ab\u00a0corpus\u00a0\u00bb, produits dans des p\u00e9riodes historiques et culturelles sp\u00e9cifiques, sera aussi consid\u00e9r\u00e9 dans le contexte de la recherche.<\/p>\n\n\n\n<figure class=\"wp-block-image size-large is-resized\"><img loading=\"lazy\" decoding=\"async\" src=\"http:\/\/cartografarvoltaire.uc.pt\/wp-content\/uploads\/2022\/02\/Voltaire_Genebra-4-768x1024.jpg\" alt=\"\" class=\"wp-image-297\" width=\"384\" height=\"512\" srcset=\"https:\/\/cartografarvoltaire.uc.pt\/wp-content\/uploads\/2022\/02\/Voltaire_Genebra-4-768x1024.jpg 768w, https:\/\/cartografarvoltaire.uc.pt\/wp-content\/uploads\/2022\/02\/Voltaire_Genebra-4-225x300.jpg 225w, https:\/\/cartografarvoltaire.uc.pt\/wp-content\/uploads\/2022\/02\/Voltaire_Genebra-4-1152x1536.jpg 1152w, https:\/\/cartografarvoltaire.uc.pt\/wp-content\/uploads\/2022\/02\/Voltaire_Genebra-4.jpg 1501w\" sizes=\"auto, (max-width: 384px) 100vw, 384px\" \/><figcaption class=\"wp-element-caption\">Thomas Orde, <em>Le H\u00e9ros de Ferney au Th\u00e9\u00e2tre de Ch\u00e2telaine<\/em>, c.1772<br><a href=\"http:\/\/institutions.ville-geneve.ch\/fr\/bge\/connaitre-la-bibliotheque\/sites\/musee-voltaire\/histoire\" data-type=\"URL\" data-id=\"http:\/\/institutions.ville-geneve.ch\/fr\/bge\/connaitre-la-bibliotheque\/sites\/musee-voltaire\/histoire\" target=\"_blank\" rel=\"noreferrer noopener\">http:\/\/institutions.ville-geneve.ch\/fr\/bge\/connaitre-la-bibliotheque\/sites\/musee-voltaire\/histoire<\/a><\/figcaption><\/figure>\n\n\n\n<h2 class=\"wp-block-heading\" id=\"etapas-e-metodologias\">\u00c9tapes et M\u00e9thodologies<\/h2>\n\n\n\n<p><\/p>\n\n\n\n<p><strong>1<sup>\u00e8re<\/sup> \u00c9TAPE :<\/strong><\/p>\n\n\n\n<p><\/p>\n\n\n\n<ol class=\"wp-block-list\">\n<li>identification du \u00ab corpus \u00bb complet des traductions portugaises du XVIII<sup>e<\/sup> au XXI<sup>e<\/sup> si\u00e8cle &#8211; recherche syst\u00e9matique, \u00e0 effectuer dans les biblioth\u00e8ques portugaises et fran\u00e7aises : comparaison des \u00e9ditions ; analyse des paratextes ; analyse des textes critiques compl\u00e9mentaires (po\u00e9tiques, essais, presse).<\/li>\n\n\n\n<li>cr\u00e9ation d&rsquo;une base de donn\u00e9es interactive, comprenant le \u00ab\u00a0corpus\u00a0\u00bb des traductions portugaises de Voltaire, en libre acc\u00e8s, sur un site web associ\u00e9 au CLP. La base de donn\u00e9es permettra d\u2019\u00e9tablir des liens avec les catalogues num\u00e9ris\u00e9s des Biblioth\u00e8ques o\u00f9 se trouve le \u00ab corpus \u00bb. La base de donn\u00e9es compl\u00e8tera celle de Gon\u00e7alves Rodrigues (Rodrigues, A. G., <em>A tradu\u00e7\u00e3o em Portugal : tentativa de resenha cronol\u00f3gica das tradu\u00e7\u00f5es impressas em l\u00edngua portuguesa, excluindo o Brasil, de 1495 a 1950<\/em>, (5 Vols.) Lisbonne, INCM, 1992-1999), et permettra l\u2019interaction avec la plateforme \u00abIntercultural Literature in Portugal\u00bb <a rel=\"noreferrer noopener\" href=\"http:\/\/www.translatedliteratureportugal.org\/\" data-type=\"URL\" data-id=\"http:\/\/www.translatedliteratureportugal.org\/\" target=\"_blank\">http:\/\/www.translatedliteratureportugal.org\/<\/a><\/li>\n<\/ol>\n\n\n\n<p><\/p>\n\n\n\n<p><strong>2<sup>\u00e8me<\/sup> \u00c9TAPE<\/strong><\/p>\n\n\n\n<p><\/p>\n\n\n\n<ol class=\"wp-block-list\">\n<li>Identification des \u00ab \u00e9tudes de cas\u00bb: analyse descriptive de traductions, paratextes, textes critiques, presse.<\/li>\n\n\n\n<li>\u00c9tablissement de deux cartographies :<\/li>\n<\/ol>\n\n\n\n<ul class=\"wp-block-list\">\n<li>2.1. Une cartographie litt\u00e9raire \u2013 vise \u00e0 \u00e9valuer les confluences po\u00e9tiques des traductions de Voltaire avec la litt\u00e9rature et la culture portugaises, en consid\u00e9rant les th\u00e8mes suivants : a) traduction, repr\u00e9sentation et canon (XVIII<sup>e<\/sup> et XIX<sup>e<\/sup> si\u00e8cle) ; b) traduction, genre et po\u00e9tique (XVIII<sup>e<\/sup> si\u00e8cle) ; c) traduction et paradigmes id\u00e9ologiques (XX<sup>e<\/sup> et XXI<sup>e<\/sup> si\u00e8cle)<\/li>\n\n\n\n<li>2.2. Cartographie politique \u2013 vise \u00e0 analyser la relation entre la litt\u00e9rature nationale, la litt\u00e9rature traduite et les diff\u00e9rents types de censure : a) la censure inquisitoriale (XVIII<sup>e<\/sup>\/XIX<sup>e<\/sup> si\u00e8cles) ; b) la censure de l\u2019Estado Novo et les normes de \u00abpropagande\u00bb.<\/li>\n\n\n\n<li><\/li>\n\n\n\n<li>Les deux cartographies mettent en relief le dialogue \u00e9tabli entre les traductions et les textes critiques, la presse, les \u00e9ritextes, les citations, les illustrations, les collections (contextes litt\u00e9raire, esth\u00e9tique, historique, sociologique).<\/li>\n<\/ul>\n\n\n\n<p><\/p>\n\n\n\n<p><strong>3<sup>\u00e8me<\/sup> \u00c9TAPE:<\/strong><\/p>\n\n\n\n<p><\/p>\n\n\n\n<p>Travail d\u2019\u00e9dition et de publication :<\/p>\n\n\n\n<ol class=\"wp-block-list\">\n<li>Base de donn\u00e9es interactive ;<\/li>\n\n\n\n<li>Anthologie num\u00e9rique comment\u00e9e \/ \u00ab\u00a0cartographie narrative en ligne\u00a0\u00bb (en libre acc\u00e8s; interconnexion avec la base de donn\u00e9es et le volume th\u00e9matique)<\/li>\n\n\n\n<li>Volume th\u00e9matique en format hybride (digital et imprim\u00e9) &#8211; <em>Cartographies de Voltaire au Portugal et dans la litt\u00e9rature portugaise (XVIII<sup>e<\/sup>-XXI<sup>e<\/sup> si\u00e8cles)<\/em> \/ <em>Mapping Voltaire in Portugal and in Portuguese Literature &#8211; 18<sup>th<\/sup>-21<sup>st<\/sup> centuries<\/em><\/li>\n<\/ol>\n\n\n\n<p><\/p>\n\n\n\n<p><strong>4<sup>\u00e8me<\/sup> \u00c9TAPE:<\/strong><\/p>\n\n\n\n<p>Diffusion des r\u00e9sultats :<\/p>\n\n\n\n<ol class=\"wp-block-list\">\n<li>Congr\u00e8s International<\/li>\n\n\n\n<li>Pr\u00e9sentation publique des trois publications et actions de participation et de diffusion dans des universit\u00e9s portugaises et \u00e9trang\u00e8res.<\/li>\n\n\n\n<li>Mise en place de r\u00e9seaux inter-universitaires pour le d\u00e9veloppement d&rsquo;un projet international : \u00abCartographies europ\u00e9ennes\/mondiales de Voltaire\u00bb.<\/li>\n<\/ol>\n\n\n\n<div class=\"wp-block-columns is-layout-flex wp-container-core-columns-is-layout-9d6595d7 wp-block-columns-is-layout-flex\">\n<div class=\"wp-block-column is-layout-flow wp-block-column-is-layout-flow\">\n<figure class=\"wp-block-image size-large\"><img loading=\"lazy\" decoding=\"async\" width=\"768\" height=\"1024\" src=\"http:\/\/cartografarvoltaire.uc.pt\/wp-content\/uploads\/2022\/02\/Voltaire-imagem-6.1-768x1024.jpg\" alt=\"\" class=\"wp-image-306\" srcset=\"https:\/\/cartografarvoltaire.uc.pt\/wp-content\/uploads\/2022\/02\/Voltaire-imagem-6.1-768x1024.jpg 768w, https:\/\/cartografarvoltaire.uc.pt\/wp-content\/uploads\/2022\/02\/Voltaire-imagem-6.1-225x300.jpg 225w, https:\/\/cartografarvoltaire.uc.pt\/wp-content\/uploads\/2022\/02\/Voltaire-imagem-6.1-1152x1536.jpg 1152w, https:\/\/cartografarvoltaire.uc.pt\/wp-content\/uploads\/2022\/02\/Voltaire-imagem-6.1-1536x2048.jpg 1536w, https:\/\/cartografarvoltaire.uc.pt\/wp-content\/uploads\/2022\/02\/Voltaire-imagem-6.1-scaled.jpg 1920w\" sizes=\"auto, (max-width: 768px) 100vw, 768px\" \/><\/figure>\n<\/div>\n\n\n\n<div class=\"wp-block-column is-layout-flow wp-block-column-is-layout-flow\">\n<figure class=\"wp-block-image size-large\"><img loading=\"lazy\" decoding=\"async\" width=\"768\" height=\"1024\" src=\"http:\/\/cartografarvoltaire.uc.pt\/wp-content\/uploads\/2022\/02\/Voltaire-imagem-7.1-768x1024.jpg\" alt=\"\" class=\"wp-image-307\" srcset=\"https:\/\/cartografarvoltaire.uc.pt\/wp-content\/uploads\/2022\/02\/Voltaire-imagem-7.1-768x1024.jpg 768w, https:\/\/cartografarvoltaire.uc.pt\/wp-content\/uploads\/2022\/02\/Voltaire-imagem-7.1-225x300.jpg 225w, https:\/\/cartografarvoltaire.uc.pt\/wp-content\/uploads\/2022\/02\/Voltaire-imagem-7.1-1152x1536.jpg 1152w, https:\/\/cartografarvoltaire.uc.pt\/wp-content\/uploads\/2022\/02\/Voltaire-imagem-7.1-1536x2048.jpg 1536w, https:\/\/cartografarvoltaire.uc.pt\/wp-content\/uploads\/2022\/02\/Voltaire-imagem-7.1-scaled.jpg 1920w\" sizes=\"auto, (max-width: 768px) 100vw, 768px\" \/><\/figure>\n<\/div>\n\n\n\n<div class=\"wp-block-column is-layout-flow wp-block-column-is-layout-flow\">\n<figure class=\"wp-block-image size-large\"><img loading=\"lazy\" decoding=\"async\" width=\"768\" height=\"1024\" src=\"http:\/\/cartografarvoltaire.uc.pt\/wp-content\/uploads\/2022\/02\/Voltaire-imagem-5.1.-768x1024.jpg\" alt=\"\" class=\"wp-image-273\" srcset=\"https:\/\/cartografarvoltaire.uc.pt\/wp-content\/uploads\/2022\/02\/Voltaire-imagem-5.1.-768x1024.jpg 768w, https:\/\/cartografarvoltaire.uc.pt\/wp-content\/uploads\/2022\/02\/Voltaire-imagem-5.1.-225x300.jpg 225w, https:\/\/cartografarvoltaire.uc.pt\/wp-content\/uploads\/2022\/02\/Voltaire-imagem-5.1.-1152x1536.jpg 1152w, https:\/\/cartografarvoltaire.uc.pt\/wp-content\/uploads\/2022\/02\/Voltaire-imagem-5.1.-1536x2048.jpg 1536w, https:\/\/cartografarvoltaire.uc.pt\/wp-content\/uploads\/2022\/02\/Voltaire-imagem-5.1.-scaled.jpg 1920w\" sizes=\"auto, (max-width: 768px) 100vw, 768px\" \/><\/figure>\n<\/div>\n<\/div>\n\n\n\n<h2 class=\"wp-block-heading\" id=\"equipa\">\u00c9quipe:<\/h2>\n\n\n\n<p><strong>COORDINATRICE<\/strong><br>Marta Teixeira Anacleto | Universit\u00e9 de Coimbra<\/p>\n\n\n\n<blockquote class=\"wp-block-quote is-layout-flow wp-block-quote-is-layout-flow\">\n<p>CLP \u2013 Centre de Litt\u00e9rature Portugaise de l\u2019Universit\u00e9 de Coimbra<\/p>\n\n\n\n<p><a href=\"https:\/\/www.cienciavitae.pt\/portal\/661A-5705-FF38\">https:\/\/www.cienciavitae.pt\/portal\/661A-5705-FF38<\/a><\/p>\n<\/blockquote>\n\n\n\n<p><strong>CONSEILLERS\/\u00c8RES SCIENTIFIQUES :<\/strong><br>Laurence Mac\u00e9 | Universit\u00e9 de Rouen Normandie<\/p>\n\n\n\n<blockquote class=\"wp-block-quote is-layout-flow wp-block-quote-is-layout-flow\">\n<p>C\u00c9R\u00c9dI \u2013 Centre D\u00b4\u00c9tudes et de Recherche \u00c9diter\/Interpr\u00e9ter<\/p>\n\n\n\n<p><a rel=\"noreferrer noopener\" href=\"http:\/\/ceredi.labos.univ-rouen.fr\/main\/?laurence-mace.html\" target=\"_blank\">http:\/\/ceredi.labos.univ-rouen.fr\/main\/?laurence-mace.html<\/a><\/p>\n<\/blockquote>\n\n\n\n<p>Michael Cronin | Trinity College Dublin<\/p>\n\n\n\n<blockquote class=\"wp-block-quote is-layout-flow wp-block-quote-is-layout-flow\">\n\n<p>Chaire de fran\u00e7ais (1776). Directeur de Recherches, Trinity Centre for Literary and Cultural Translation.<\/p>\n\n<cite><a href=\"https:\/\/www.tcd.ie\/French\/staff\/croninm8\/\" data-type=\"URL\" data-id=\"https:\/\/www.tcd.ie\/French\/staff\/croninm8\/\"><a href=\"https:\/\/www.tcd.ie\/French\/staff\/croninm8\/\" data-type=\"URL\" data-id=\"https:\/\/www.tcd.ie\/French\/staff\/croninm8\/\">https:\/\/www.tcd.ie\/French\/staff\/croninm8\/<\/a><\/a><\/cite><\/blockquote>\n\n\n\n<p>Nicholas Cronk | Universit\u00e9 d&rsquo;Oxford<\/p>\n\n\n\n<blockquote class=\"wp-block-quote is-layout-flow wp-block-quote-is-layout-flow\">\n\n<p>Directeur de la <em>Voltaire Fondation for Enlightenment Studies<\/em><\/p>\n\n\n<p><a rel=\"noreferrer noopener\" href=\"http:\/\/www.voltaire.ox.ac.uk\/\" target=\"_blank\">http:\/\/www.voltaire.ox.ac.uk\/<\/a><\/p>\n\n<cite><a href=\"https:\/\/www.mod-langs.ox.ac.uk\/people\/nicholas-cronk\" data-type=\"URL\" data-id=\"https:\/\/www.mod-langs.ox.ac.uk\/people\/nicholas-cronk\" target=\"_blank\" rel=\"noreferrer noopener\"><a href=\"https:\/\/www.mod-langs.ox.ac.uk\/people\/nicholas-cronk\" data-type=\"URL\" data-id=\"https:\/\/www.mod-langs.ox.ac.uk\/people\/nicholas-cronk\" target=\"_blank\" rel=\"noreferrer noopener\">https:\/\/www.mod-langs.ox.ac.uk\/people\/nicholas-cronk<\/a><\/a><\/cite><\/blockquote>\n\n\n\n<p>Renaud Bret-Vitoz | Sorbonne Universit\u00e9<\/p>\n\n\n\n<blockquote class=\"wp-block-quote is-layout-flow wp-block-quote-is-layout-flow\">\n<p>CELLF \u2013 Centre d\u2019\u00e9tude de la langue et des litt\u00e9ratures fran\u00e7aises<br><a rel=\"noreferrer noopener\" href=\"https:\/\/cellf.cnrs.fr\/membre\/renaud-bret-vitoz\/\" target=\"_blank\">https:\/\/cellf.cnrs.fr\/membre\/renaud-bret-vitoz\/<\/a><\/p>\n<\/blockquote>\n\n\n\n<p>Sylvain Menant | Sorbonne Universit\u00e9<\/p>\n\n\n\n<blockquote class=\"wp-block-quote is-layout-flow wp-block-quote-is-layout-flow\">\n<p><a href=\"https:\/\/obvil.sorbonne-universite.fr\/obvil\/annuaire\/sylvain-menant\" target=\"_blank\" rel=\"noreferrer noopener\">https:\/\/obvil.sorbonne-universite.fr\/obvil\/annuaire\/sylvain-menant<\/a><\/p>\n<\/blockquote>\n\n\n\n<p>St\u00e9phanie G\u00e9hanne Gavoty | Sorbonne Universit\u00e9<\/p>\n\n\n\n<blockquote class=\"wp-block-quote is-layout-flow wp-block-quote-is-layout-flow\">\n<p>CELLF \u2013 Centre d\u2019\u00e9tude de la langue et des litt\u00e9ratures fran\u00e7aises<br><a rel=\"noreferrer noopener\" href=\"https:\/\/cellf.cnrs.fr\/membre\/stephanie-gehanne-gavoty\/\" target=\"_blank\">https:\/\/cellf.cnrs.fr\/membre\/stephanie-gehanne-gavoty\/<\/a><\/p>\n<\/blockquote>\n\n\n\n<p><br><strong>MEMBRES DU PROJET:<\/strong><br>Ana Clara Santos | Universit\u00e9 d&rsquo;Algarve<\/p>\n\n\n\n<blockquote class=\"wp-block-quote is-layout-flow wp-block-quote-is-layout-flow\">\n<p>Centre de Recherches en Arts et Communication de l&rsquo;Universit\u00e9 d&rsquo;Algarve <br>CLP \u2013 Centre de Litt\u00e9rature Portugaise de l\u2019Universit\u00e9 de Coimbra<br>CET &#8211; Centre d\u2019\u00c9tudes de Th\u00e9\u00e2tre de l\u2019Universit\u00e9 de Lisbonne<br><a rel=\"noreferrer noopener\" href=\"https:\/\/www.cienciavitae.pt\/portal\/F916-5C9E-5AD6\" target=\"_blank\">https:\/\/www.cienciavitae.pt\/portal\/F916-5C9E-5AD6<\/a><\/p>\n<\/blockquote>\n\n\n\n<p>Ana Cristina Ara\u00fajo | Universit\u00e9 de Coimbra<\/p>\n\n\n\n<blockquote class=\"wp-block-quote is-layout-flow wp-block-quote-is-layout-flow\">\n<p>CHSC \u2013 Centre d\u2019Histoire de la Soci\u00e9t\u00e9 et de la Culture de l\u2019Universit\u00e9 de Coimbra<br><a rel=\"noreferrer noopener\" href=\"https:\/\/www.cienciavitae.pt\/portal\/C812-DDC3-C9A3\" target=\"_blank\">https:\/\/www.cienciavitae.pt\/portal\/C812-DDC3-C9A3<\/a><\/p>\n<\/blockquote>\n\n\n\n<p>Ana Isabel Moniz | Universit\u00e9 de Mad\u00e8re<\/p>\n\n\n\n<blockquote class=\"wp-block-quote is-layout-flow wp-block-quote-is-layout-flow\">\n<p>CEC \u2013 Centre d\u2019\u00c9tudes Comparatistes de l\u2019Universit\u00e9 de Lisbonne<br><a rel=\"noreferrer noopener\" href=\"https:\/\/www.cienciavitae.pt\/portal\/951A-82D4-3082\" target=\"_blank\">https:\/\/www.cienciavitae.pt\/portal\/951A-82D4-3082<\/a><\/p>\n<\/blockquote>\n\n\n\n<p>Ana Isabel Vasconcelos | Universit\u00e9 \u00ab Aberta \u00bb<\/p>\n\n\n\n<blockquote class=\"wp-block-quote is-layout-flow wp-block-quote-is-layout-flow\">\n<p>CLP \u2013 Centre de Litt\u00e9rature Portugaise de l\u2019Universit\u00e9 de Coimbra<br>CET &#8211; Centre d\u2019\u00c9tudes de Th\u00e9\u00e2tre de l\u2019Universit\u00e9 de Lisbonne<br><a rel=\"noreferrer noopener\" href=\"https:\/\/www.cienciavitae.pt\/portal\/C11D-5953-63A9\" target=\"_blank\">https:\/\/www.cienciavitae.pt\/portal\/C11D-5953-63A9<\/a><\/p>\n<\/blockquote>\n\n\n\n<p>Ana Paula Coutinho Mendes | Universit\u00e9 de Porto<\/p>\n\n\n\n<blockquote class=\"wp-block-quote is-layout-flow wp-block-quote-is-layout-flow\">\n<p>ILCML \u2013 Institut de litt\u00e9rature compar\u00e9e Margarida Losa de la FLUP<br><a rel=\"noreferrer noopener\" href=\"https:\/\/www.cienciavitae.pt\/portal\/2E13-CC7B-FD16\" target=\"_blank\">https:\/\/www.cienciavitae.pt\/portal\/2E13-CC7B-FD16<\/a><\/p>\n<\/blockquote>\n\n\n\n<p>Dominique Faria | Universit\u00e9 des Azores<\/p>\n\n\n\n<blockquote class=\"wp-block-quote is-layout-flow wp-block-quote-is-layout-flow\">\n<p>CEC \u2013 Centre d\u2019\u00c9tudes Comparatistes de l\u2019Universit\u00e9 de Lisbonne<br><a rel=\"noreferrer noopener\" href=\"https:\/\/www.cienciavitae.pt\/portal\/EF14-4262-AA78\" target=\"_blank\">https:\/\/www.cienciavitae.pt\/portal\/EF14-4262-AA78<\/a><\/p>\n<\/blockquote>\n\n\n\n<p>Fl\u00e1vio Borda D&rsquo;\u00c1gua<\/p>\n\n\n\n<blockquote class=\"wp-block-quote is-layout-flow wp-block-quote-is-layout-flow\">\n<p>Biblioth\u00e8que de Gen\u00e8ve \u2013 Institut et Mus\u00e9e Voltaire<\/p>\n\n\n\n<p><a rel=\"noreferrer noopener\" href=\"https:\/\/fbordadagua.com\/\" data-type=\"URL\" data-id=\"https:\/\/fbordadagua.com\/\" target=\"_blank\">https:\/\/fbordadagua.com\/<\/a><\/p>\n<\/blockquote>\n\n\n\n<p>Jo\u00e3o Domingues | Universit\u00e9 de Coimbra<\/p>\n\n\n\n<blockquote class=\"wp-block-quote is-layout-flow wp-block-quote-is-layout-flow\">\n<p>CLP \u2013 Centre de Litt\u00e9rature Portugaise de l\u2019Universit\u00e9 de Coimbra<br><a rel=\"noreferrer noopener\" href=\"https:\/\/www.cienciavitae.pt\/portal\/9015-9F8C-D95F\" target=\"_blank\">https:\/\/www.cienciavitae.pt\/portal\/9015-9F8C-D95F<\/a><\/p>\n<\/blockquote>\n\n\n\n<p>Jorge M. C. Almeida e Pinho | Universit\u00e9 de Coimbra<\/p>\n\n\n\n<blockquote class=\"wp-block-quote is-layout-flow wp-block-quote-is-layout-flow\">\n<p>CETAPS &#8211; Centre for English, Translation, and Anglo-Portuguese Studies (NovaFCSH &amp; FLUP)<\/p>\n\n\n\n<p><a href=\"https:\/\/www.cienciavitae.pt\/\/pt\/9815-7D0B-5E1C\">https:\/\/www.cienciavitae.pt\/\/pt\/9815-7D0B-5E1C<\/a><\/p>\n<\/blockquote>\n\n\n\n<p>Jos\u00e9 Cam\u00f5es | Universit\u00e9 de Lisbonne<\/p>\n\n\n\n<blockquote class=\"wp-block-quote is-layout-flow wp-block-quote-is-layout-flow\">\n<p>CET &#8211; Centre d\u2019\u00c9tudes de Th\u00e9\u00e2tre de l\u2019Universit\u00e9 de Lisbonne<br><a rel=\"noreferrer noopener\" href=\"https:\/\/www.cienciavitae.pt\/portal\/1E1A-15F2-6C4C\" target=\"_blank\">https:\/\/www.cienciavitae.pt\/portal\/1E1A-15F2-6C4C<\/a><\/p>\n<\/blockquote>\n\n\n\n<p>Lic\u00ednia Ferreira<\/p>\n\n\n\n<blockquote class=\"wp-block-quote is-layout-flow wp-block-quote-is-layout-flow\">\n<p>CET &#8211; Centre d\u2019\u00c9tudes de Th\u00e9\u00e2tre de l\u2019Universit\u00e9 de Lisbonne<br>CLP \u2013 Centre de Litt\u00e9rature Portugaise de l\u2019Universit\u00e9 de Coimbra<\/p>\n\n\n\n<p><a href=\"https:\/\/www.cienciavitae.pt\/portal\/821E-C67F-9D2A\">https:\/\/www.cienciavitae.pt\/portal\/821E-C67F-9D2A<\/a><\/p>\n<\/blockquote>\n\n\n\n<p>Maria da Natividade Pires | Institut Polytechnique de Castelo Branco<\/p>\n\n\n\n<blockquote class=\"wp-block-quote is-layout-flow wp-block-quote-is-layout-flow\">\n<p>IELT \u2013 Institut de Litt\u00e9rature et Tradition de l\u2019Universit\u00e9 Nouvelle de Lisbonne<\/p>\n\n\n\n<p>CLP \u2013 Centre de Litt\u00e9rature Portugaise de l\u2019Universit\u00e9 de Coimbra<br><a rel=\"noreferrer noopener\" href=\"https:\/\/www.cienciavitae.pt\/portal\/511E-5D94-45E3\" target=\"_blank\">https:\/\/www.cienciavitae.pt\/portal\/511E-5D94-45E3<\/a><\/p>\n<\/blockquote>\n\n\n\n<p>Maria do Ros\u00e1rio Neto Mariano | Universit\u00e9 de Coimbra<\/p>\n\n\n\n<blockquote class=\"wp-block-quote is-layout-flow wp-block-quote-is-layout-flow\">\n<p>CLP \u2013 Centre de Litt\u00e9rature Portugaise de l\u2019Universit\u00e9 de Coimbra<br><a rel=\"noreferrer noopener\" href=\"https:\/\/www.cienciavitae.pt\/portal\/381D-81E8-308C\" target=\"_blank\">https:\/\/www.cienciavitae.pt\/portal\/381D-81E8-308C<\/a><\/p>\n<\/blockquote>\n\n\n\n<p>Maria Helena Santana | Universit\u00e9 de Coimbra<br><\/p>\n\n\n\n<blockquote class=\"wp-block-quote is-layout-flow wp-block-quote-is-layout-flow\">\n<p>CLP \u2013 Centre de Litt\u00e9rature Portugaise de l\u2019Universit\u00e9 de Coimbra<br><a rel=\"noreferrer noopener\" href=\"https:\/\/www.cienciavitae.pt\/portal\/9B1E-AE03-9DB3\" target=\"_blank\">https:\/\/www.cienciavitae.pt\/portal\/9B1E-AE03-9DB3<\/a><\/p>\n<\/blockquote>\n\n\n\n<p>Maria Lu\u00edsa Malato Rosa Borralho | Universit\u00e9 de Porto<\/p>\n\n\n\n<blockquote class=\"wp-block-quote is-layout-flow wp-block-quote-is-layout-flow\">\n<p>ILCML \u2013 Institut de litt\u00e9rature compar\u00e9e Margarida Losa de la FLUP<br><a rel=\"noreferrer noopener\" href=\"https:\/\/www.cienciavitae.pt\/portal\/731F-4555-6064\" target=\"_blank\">https:\/\/www.cienciavitae.pt\/portal\/731F-4555-6064<\/a><\/p>\n<\/blockquote>\n\n\n\n<p>Marie Eulalie Monteiro Pereira | Universit\u00e9 de Coimbra<\/p>\n\n\n\n<blockquote class=\"wp-block-quote is-layout-flow wp-block-quote-is-layout-flow\">\n<p>Section d&rsquo;\u00c9tudes Fran\u00e7aises de la Facult\u00e9 des Arts de l&rsquo;Universit\u00e9 de Coimbra<\/p>\n<\/blockquote>\n\n\n\n<p>Marta Rosa | Universit\u00e9 de Lisbonne<\/p>\n\n\n\n<blockquote class=\"wp-block-quote is-layout-flow wp-block-quote-is-layout-flow\">\n<p>CET &#8211; Centre d\u2019\u00c9tudes de Th\u00e9\u00e2tre de l\u2019Universit\u00e9 de Lisbonne<br><a rel=\"noreferrer noopener\" href=\"https:\/\/www.cienciavitae.pt\/portal\/9419-5788-0224\" target=\"_blank\">https:\/\/www.cienciavitae.pt\/portal\/9419-5788-0224<\/a><\/p>\n<\/blockquote>\n\n\n\n<p>Marta Marecos Duarte<\/p>\n\n\n\n<blockquote class=\"wp-block-quote is-layout-flow wp-block-quote-is-layout-flow\">\n<p>CLP \u2013 Centre de Litt\u00e9rature Portugaise de l\u2019Universit\u00e9 de Coimbra<br>CLEPUL \u2013 Centre des Litt\u00e9ratures et Cultures lusophones et europ\u00e9ennes de l&rsquo;Universit\u00e9 de Lisbonne<br><a rel=\"noreferrer noopener\" href=\"https:\/\/www.cienciavitae.pt\/portal\/1C10-01A2-3439\" target=\"_blank\">https:\/\/www.cienciavitae.pt\/portal\/1C10-01A2-3439<\/a><\/p>\n<\/blockquote>\n\n\n\n<p>Pablo Iglesias Magalh\u00e3es | Universit\u00e9 F\u00e9d\u00e9rale de Bahia occidentale \/ Universit\u00e9 F\u00e9d\u00e9rale de Sergipe \u2013 Br\u00e9sil<\/p>\n\n\n\n<blockquote class=\"wp-block-quote is-style-default is-layout-flow wp-block-quote-is-layout-flow\">\n<p>Centre des Humanit\u00e9s <\/p>\n\n\n\n<p><a href=\"http:\/\/lattes.cnpq.br\/2208149605868630\">http:\/\/lattes.cnpq.br\/2208149605868630<\/a><\/p>\n\n\n\n<p><a href=\"https:\/\/orcid.org\/0000-0001-5590-3889\">https:\/\/orcid.org\/0000-0001-5590-3889<\/a><\/p>\n<\/blockquote>\n\n\n\n<p>Paulo Silva Pereira | Universit\u00e9 de Coimbra<\/p>\n\n\n\n<blockquote class=\"wp-block-quote is-layout-flow wp-block-quote-is-layout-flow\">\n<p>CLP \u2013 Centre de Litt\u00e9rature Portugaise de l\u2019Universit\u00e9 de Coimbra<br><a href=\"https:\/\/www.cienciavitae.pt\/portal\/CC19-F84E-FFE9%0A\">https:\/\/www.cienciavitae.pt\/portal\/CC19-F84E-FFE9<\/a><\/p>\n<\/blockquote>\n\n\n\n<p>Rita Bueno Maia | Universit\u00e9 Catholique Portugaise<\/p>\n\n\n\n<blockquote class=\"wp-block-quote is-layout-flow wp-block-quote-is-layout-flow\">\n<p>CECC \u2013 Centre d&rsquo;\u00c9tudes sur la Communication et la Culture de l&rsquo;Universit\u00e9 Catholique<br>CLP \u2013 Centre de Litt\u00e9rature Portugaise de l\u2019Universit\u00e9 de Coimbra<br><a href=\"https:\/\/www.cienciavitae.pt\/portal\/EF14-4262-AA78\">https:\/\/www.cienciavitae.pt\/portal\/EF14-4262-AA78<\/a><\/p>\n<\/blockquote>\n","protected":false},"excerpt":{"rendered":"<p>Projet Le projet \u00ab\u00a0Cartographier Voltaire au Portugal et dans la Litt\u00e9rature Portugaise\u00a0\u00bb vise \u00e0 \u00e9tablir et \u00e0 analyserle \u00ab\u00a0corpus\u00a0\u00bb des traductions portugaises des \u0153uvres de Voltaire &#8211; fiction narrative et dramatique, \u00e9pop\u00e9e, essais philosophiques et politiques -, de la fin du XVIIIe si\u00e8cle \u00e0 nos jours. Un ensemble de textes critiques associ\u00e9s \u00e0 ce \u00ab\u00a0corpus\u00a0\u00bb, [&hellip;]<\/p>\n","protected":false},"author":1,"featured_media":0,"parent":0,"menu_order":0,"comment_status":"closed","ping_status":"closed","template":"","meta":{"_acf_changed":false,"footnotes":""},"class_list":["post-482","page","type-page","status-publish","hentry"],"acf":[],"_links":{"self":[{"href":"https:\/\/cartografarvoltaire.uc.pt\/fr\/wp-json\/wp\/v2\/pages\/482","targetHints":{"allow":["GET"]}}],"collection":[{"href":"https:\/\/cartografarvoltaire.uc.pt\/fr\/wp-json\/wp\/v2\/pages"}],"about":[{"href":"https:\/\/cartografarvoltaire.uc.pt\/fr\/wp-json\/wp\/v2\/types\/page"}],"author":[{"embeddable":true,"href":"https:\/\/cartografarvoltaire.uc.pt\/fr\/wp-json\/wp\/v2\/users\/1"}],"replies":[{"embeddable":true,"href":"https:\/\/cartografarvoltaire.uc.pt\/fr\/wp-json\/wp\/v2\/comments?post=482"}],"version-history":[{"count":5,"href":"https:\/\/cartografarvoltaire.uc.pt\/fr\/wp-json\/wp\/v2\/pages\/482\/revisions"}],"predecessor-version":[{"id":1300,"href":"https:\/\/cartografarvoltaire.uc.pt\/fr\/wp-json\/wp\/v2\/pages\/482\/revisions\/1300"}],"wp:attachment":[{"href":"https:\/\/cartografarvoltaire.uc.pt\/fr\/wp-json\/wp\/v2\/media?parent=482"}],"curies":[{"name":"wp","href":"https:\/\/api.w.org\/{rel}","templated":true}]}}