{"id":512,"date":"2021-07-06T10:24:05","date_gmt":"2021-07-06T10:24:05","guid":{"rendered":"https:\/\/cartografarvoltaire.uc.pt\/project\/"},"modified":"2022-12-09T16:36:54","modified_gmt":"2022-12-09T16:36:54","slug":"project","status":"publish","type":"page","link":"https:\/\/cartografarvoltaire.uc.pt\/en\/project\/","title":{"rendered":"Project"},"content":{"rendered":"\n<h2 class=\"wp-block-heading\" id=\"projeto\">Project<\/h2>\n\n\n\n<p class=\"has-text-align-left\">The project &#8220;Mapping Voltaire in Portugal and in Portuguese Literature&#8221; aims at establishing and analysing<br>the corpus of Portuguese translations of Voltaire&#8217;s works &#8211; narrative and dramatic fiction, epics, philosophical and political essays -, from the late 18<sup>th<\/sup> century to the present day, with an extension to the critical texts associated with that corpus produced in specific historical and cultural periods.<\/p>\n\n\n\n<figure class=\"wp-block-image size-large is-resized\"><img loading=\"lazy\" decoding=\"async\" src=\"http:\/\/cartografarvoltaire.uc.pt\/wp-content\/uploads\/2022\/02\/Voltaire_Genebra-4-768x1024.jpg\" alt=\"\" class=\"wp-image-297\" width=\"384\" height=\"512\" srcset=\"https:\/\/cartografarvoltaire.uc.pt\/wp-content\/uploads\/2022\/02\/Voltaire_Genebra-4-768x1024.jpg 768w, https:\/\/cartografarvoltaire.uc.pt\/wp-content\/uploads\/2022\/02\/Voltaire_Genebra-4-225x300.jpg 225w, https:\/\/cartografarvoltaire.uc.pt\/wp-content\/uploads\/2022\/02\/Voltaire_Genebra-4-1152x1536.jpg 1152w, https:\/\/cartografarvoltaire.uc.pt\/wp-content\/uploads\/2022\/02\/Voltaire_Genebra-4.jpg 1501w\" sizes=\"auto, (max-width: 384px) 100vw, 384px\" \/><figcaption class=\"wp-element-caption\">Thomas Orde, <em>The Hero of Ferney at the Chatelaine Theatre<\/em>, c.1772<br><a href=\"http:\/\/institutions.ville-geneve.ch\/fr\/bge\/connaitre-la-bibliotheque\/sites\/musee-voltaire\/histoire\" data-type=\"URL\" data-id=\"http:\/\/institutions.ville-geneve.ch\/fr\/bge\/connaitre-la-bibliotheque\/sites\/musee-voltaire\/histoire\" target=\"_blank\" rel=\"noreferrer noopener\">http:\/\/institutions.ville-geneve.ch\/fr\/bge\/connaitre-la-bibliotheque\/sites\/musee-voltaire\/histoire<\/a><\/figcaption><\/figure>\n\n\n\n<h2 class=\"wp-block-heading\" id=\"etapas-e-metodologias\">Stages and methods<\/h2>\n\n\n\n<p><\/p>\n\n\n\n<p><strong>1<sup>ST<\/sup> STAGE<\/strong><\/p>\n\n\n\n<p><\/p>\n\n\n\n<ol class=\"wp-block-list\">\n<li>Identification of the complete corpus of Portuguese translations from the 18<sup>th<\/sup> to the 21<sup>st <\/sup>century: systematic research, to be carried out in Portuguese and French libraries: comparison of editions; analysis of paratexts; analysis of complementary critical texts (poetics, essays, periodical press).<\/li>\n\n\n\n<li>Creation of an interactive database, with the corpus of the Portuguese translations of Voltaire, freely accessible, on a website associated with the CLP, establishing a dynamic connection with the catalogues of the Libraries where the corpus is to be found. The database will complement information collected by Gon\u00e7alves Rodrigues (Rodrigues, A. G., <em>A tradu\u00e7\u00e3o em Portugal: tentativa de resenha cronol\u00f3gica das tradu\u00e7\u00f5es impressas em l\u00edngua portuguesa, excluindo o Brasil<\/em>, de 1495 a 1950, (5 Vols.). Lisbon, INCM, 1992-1999), and will develop interaction with the platform &#8220;Intercultural Literature in Portugal&#8221;. <a rel=\"noreferrer noopener\" href=\"http:\/\/www.translatedliteratureportugal.org\/\" data-type=\"URL\" data-id=\"http:\/\/www.translatedliteratureportugal.org\/\" target=\"_blank\">http:\/\/www.translatedliteratureportugal.org\/<\/a><\/li>\n<\/ol>\n\n\n\n<p><\/p>\n\n\n\n<p><strong>2<sup>ND<\/sup> STAGE<\/strong><\/p>\n\n\n\n<p><\/p>\n\n\n\n<ol class=\"wp-block-list\">\n<li>Identification of &#8220;case studies&#8221;: descriptive analysis of translations, paratexts, critical texts, periodical press.<\/li>\n\n\n\n<li>Establishment of two types of cartographies:<\/li>\n<\/ol>\n\n\n\n<ul class=\"wp-block-list\">\n<li>2.1. A literary cartography &#8211; aimed at mapping the poetic confluences of Voltaire&#8217;s translations with Portuguese literature and culture, considering the topics: a) translation, representation, and the canon (18<sup>th<\/sup> and 19<sup>th <\/sup>centuries); ii) translation, genre, and poetics (18<sup>th<\/sup> century); c) translation and ideological paradigms (20<sup>th<\/sup> and 21<sup>st<\/sup> centuries)<\/li>\n\n\n\n<li>2.2. A political cartography &#8211; the aim is to study the relationship between national and translated literature under different types of censorship: a) inquisitorial censorship (18<sup>th<\/sup>\/19<sup>th<\/sup> centuries); b) the censorship of the Estado Novo and the norms of &#8220;propaganda&#8221;.<\/li>\n\n\n\n<li><\/li>\n\n\n\n<li>The two cartographies encourage the confrontation with critical essays, texts from the periodical press, paratexts, quotations, illustrations, and collections, (fields of literary theory, history, and sociology).<\/li>\n<\/ul>\n\n\n\n<p><\/p>\n\n\n\n<p><strong>3<sup>RD <\/sup>STAGE<\/strong><\/p>\n\n\n\n<p><\/p>\n\n\n\n<p>Final editing and publication of the complete work:<\/p>\n\n\n\n<ol class=\"wp-block-list\">\n<li>Interactive database;<\/li>\n\n\n\n<li>Digital anthology with commentaries \/ &#8220;online narrative cartography&#8221; (in open access; interlinking with the database and the thematic volume);<\/li>\n\n\n\n<li>Thematic volume in hybrid format (digital and printed) &#8211; <em>Mapping Voltaire in Portugal and in Portuguese Literature &#8211; 18<sup>th<\/sup>-21<sup>st <\/sup>centuries.<\/em><\/li>\n<\/ol>\n\n\n\n<p><\/p>\n\n\n\n<p><strong>4<sup>TH <\/sup>STAGE<\/strong><\/p>\n\n\n\n<p>Dissemination of results:<\/p>\n\n\n\n<ol class=\"wp-block-list\">\n<li>International conference;<\/li>\n\n\n\n<li>Public presentation of the three publications and other dissemination actions in Portuguese and foreign universities;<\/li>\n\n\n\n<li>Establishment of interuniversity networks for the development of an international project: &#8220;European\/World cartographies of Voltaire&#8221;.<\/li>\n<\/ol>\n\n\n\n<div class=\"wp-block-columns is-layout-flex wp-container-core-columns-is-layout-9d6595d7 wp-block-columns-is-layout-flex\">\n<div class=\"wp-block-column is-layout-flow wp-block-column-is-layout-flow\">\n<figure class=\"wp-block-image size-large\"><img loading=\"lazy\" decoding=\"async\" width=\"768\" height=\"1024\" src=\"http:\/\/cartografarvoltaire.uc.pt\/wp-content\/uploads\/2022\/02\/Voltaire-imagem-6.1-768x1024.jpg\" alt=\"\" class=\"wp-image-306\" srcset=\"https:\/\/cartografarvoltaire.uc.pt\/wp-content\/uploads\/2022\/02\/Voltaire-imagem-6.1-768x1024.jpg 768w, https:\/\/cartografarvoltaire.uc.pt\/wp-content\/uploads\/2022\/02\/Voltaire-imagem-6.1-225x300.jpg 225w, https:\/\/cartografarvoltaire.uc.pt\/wp-content\/uploads\/2022\/02\/Voltaire-imagem-6.1-1152x1536.jpg 1152w, https:\/\/cartografarvoltaire.uc.pt\/wp-content\/uploads\/2022\/02\/Voltaire-imagem-6.1-1536x2048.jpg 1536w, https:\/\/cartografarvoltaire.uc.pt\/wp-content\/uploads\/2022\/02\/Voltaire-imagem-6.1-scaled.jpg 1920w\" sizes=\"auto, (max-width: 768px) 100vw, 768px\" \/><\/figure>\n<\/div>\n\n\n\n<div class=\"wp-block-column is-layout-flow wp-block-column-is-layout-flow\">\n<figure class=\"wp-block-image size-large\"><img loading=\"lazy\" decoding=\"async\" width=\"768\" height=\"1024\" src=\"http:\/\/cartografarvoltaire.uc.pt\/wp-content\/uploads\/2022\/02\/Voltaire-imagem-7.1-768x1024.jpg\" alt=\"\" class=\"wp-image-307\" srcset=\"https:\/\/cartografarvoltaire.uc.pt\/wp-content\/uploads\/2022\/02\/Voltaire-imagem-7.1-768x1024.jpg 768w, https:\/\/cartografarvoltaire.uc.pt\/wp-content\/uploads\/2022\/02\/Voltaire-imagem-7.1-225x300.jpg 225w, https:\/\/cartografarvoltaire.uc.pt\/wp-content\/uploads\/2022\/02\/Voltaire-imagem-7.1-1152x1536.jpg 1152w, https:\/\/cartografarvoltaire.uc.pt\/wp-content\/uploads\/2022\/02\/Voltaire-imagem-7.1-1536x2048.jpg 1536w, https:\/\/cartografarvoltaire.uc.pt\/wp-content\/uploads\/2022\/02\/Voltaire-imagem-7.1-scaled.jpg 1920w\" sizes=\"auto, (max-width: 768px) 100vw, 768px\" \/><\/figure>\n<\/div>\n\n\n\n<div class=\"wp-block-column is-layout-flow wp-block-column-is-layout-flow\">\n<figure class=\"wp-block-image size-large\"><img loading=\"lazy\" decoding=\"async\" width=\"768\" height=\"1024\" src=\"http:\/\/cartografarvoltaire.uc.pt\/wp-content\/uploads\/2022\/02\/Voltaire-imagem-5.1.-768x1024.jpg\" alt=\"\" class=\"wp-image-273\" srcset=\"https:\/\/cartografarvoltaire.uc.pt\/wp-content\/uploads\/2022\/02\/Voltaire-imagem-5.1.-768x1024.jpg 768w, https:\/\/cartografarvoltaire.uc.pt\/wp-content\/uploads\/2022\/02\/Voltaire-imagem-5.1.-225x300.jpg 225w, https:\/\/cartografarvoltaire.uc.pt\/wp-content\/uploads\/2022\/02\/Voltaire-imagem-5.1.-1152x1536.jpg 1152w, https:\/\/cartografarvoltaire.uc.pt\/wp-content\/uploads\/2022\/02\/Voltaire-imagem-5.1.-1536x2048.jpg 1536w, https:\/\/cartografarvoltaire.uc.pt\/wp-content\/uploads\/2022\/02\/Voltaire-imagem-5.1.-scaled.jpg 1920w\" sizes=\"auto, (max-width: 768px) 100vw, 768px\" \/><\/figure>\n<\/div>\n<\/div>\n\n\n\n<h2 class=\"wp-block-heading\" id=\"equipa\">Team<\/h2>\n\n\n\n<p><strong>COORDINATOR<\/strong><br>Marta Teixeira Anacleto | University of Coimbra<\/p>\n\n\n\n<blockquote class=\"wp-block-quote is-layout-flow wp-block-quote-is-layout-flow\">\n<p>CLP \u2013 Centre for Portuguese Literature at the University of Coimbra<\/p>\n\n\n\n<p><a href=\"https:\/\/www.cienciavitae.pt\/portal\/661A-5705-FF38\">https:\/\/www.cienciavitae.pt\/portal\/661A-5705-FF38<\/a><\/p>\n<\/blockquote>\n\n\n\n<p><strong>ADVISORY BOARD<\/strong><br>Laurence Mac\u00e9 | University of Rouen Normandy<\/p>\n\n\n\n<blockquote class=\"wp-block-quote is-layout-flow wp-block-quote-is-layout-flow\">\n<p>C\u00c9R\u00c9dI \u2013 Study and Research Centre Editing\/Interpreting<\/p>\n\n\n\n<p><a rel=\"noreferrer noopener\" href=\"http:\/\/ceredi.labos.univ-rouen.fr\/main\/?laurence-mace.html\" target=\"_blank\">http:\/\/ceredi.labos.univ-rouen.fr\/main\/?laurence-mace.html<\/a><\/p>\n<\/blockquote>\n\n\n\n<p>Michael Cronin | Trinity College Dublin<\/p>\n\n\n\n<blockquote class=\"wp-block-quote is-layout-flow wp-block-quote-is-layout-flow\">\n\n<p>1776 Professor of French. Research Lead, Trinity Centre for Literary and Cultural Translation.<\/p>\n\n<cite><a href=\"https:\/\/www.tcd.ie\/French\/staff\/croninm8\/\" data-type=\"URL\" data-id=\"https:\/\/www.tcd.ie\/French\/staff\/croninm8\/\"><a href=\"https:\/\/www.tcd.ie\/French\/staff\/croninm8\/\" data-type=\"URL\" data-id=\"https:\/\/www.tcd.ie\/French\/staff\/croninm8\/\">https:\/\/www.tcd.ie\/French\/staff\/croninm8\/<\/a><\/a><\/cite><\/blockquote>\n\n\n\n<p>Nicholas Cronk | University of Oxford<\/p>\n\n\n\n<blockquote class=\"wp-block-quote is-layout-flow wp-block-quote-is-layout-flow\">\n\n<p>Director of the <em>Voltaire Foundation for Enlightenment Studies<\/em><\/p>\n\n\n<p><a rel=\"noreferrer noopener\" href=\"http:\/\/www.voltaire.ox.ac.uk\/\" target=\"_blank\">http:\/\/www.voltaire.ox.ac.uk\/<\/a><\/p>\n\n<cite><a href=\"https:\/\/www.mod-langs.ox.ac.uk\/people\/nicholas-cronk\" data-type=\"URL\" data-id=\"https:\/\/www.mod-langs.ox.ac.uk\/people\/nicholas-cronk\" target=\"_blank\" rel=\"noreferrer noopener\"><a href=\"https:\/\/www.mod-langs.ox.ac.uk\/people\/nicholas-cronk\" data-type=\"URL\" data-id=\"https:\/\/www.mod-langs.ox.ac.uk\/people\/nicholas-cronk\" target=\"_blank\" rel=\"noreferrer noopener\">https:\/\/www.mod-langs.ox.ac.uk\/people\/nicholas-cronk<\/a><\/a><\/cite><\/blockquote>\n\n\n\n<p>Renaud Bret-Vitoz | Sorbonne University<\/p>\n\n\n\n<blockquote class=\"wp-block-quote is-layout-flow wp-block-quote-is-layout-flow\">\n<p>CELLF \u2013 Centre for the Study of French Language and Literature<br><a rel=\"noreferrer noopener\" href=\"https:\/\/cellf.cnrs.fr\/membre\/renaud-bret-vitoz\/\" target=\"_blank\">https:\/\/cellf.cnrs.fr\/membre\/renaud-bret-vitoz\/<\/a><\/p>\n<\/blockquote>\n\n\n\n<p>Sylvain Menant | Sorbonne University<\/p>\n\n\n\n<blockquote class=\"wp-block-quote is-layout-flow wp-block-quote-is-layout-flow\">\n<p><a href=\"https:\/\/obvil.sorbonne-universite.fr\/obvil\/annuaire\/sylvain-menant\" target=\"_blank\" rel=\"noreferrer noopener\">https:\/\/obvil.sorbonne-universite.fr\/obvil\/annuaire\/sylvain-menant<\/a><\/p>\n<\/blockquote>\n\n\n\n<p>St\u00e9phanie G\u00e9hanne Gavoty | Sorbonne University<\/p>\n\n\n\n<blockquote class=\"wp-block-quote is-layout-flow wp-block-quote-is-layout-flow\">\n<p>CELLF \u2013 Centre for the Study of French Language and Literature<br><a rel=\"noreferrer noopener\" href=\"https:\/\/cellf.cnrs.fr\/membre\/stephanie-gehanne-gavoty\/\" target=\"_blank\">https:\/\/cellf.cnrs.fr\/membre\/stephanie-gehanne-gavoty\/<\/a><\/p>\n<\/blockquote>\n\n\n\n<p><br><strong>MEMBER OF THE PROJECT<\/strong><br>Ana Clara Santos | University of Algarve<\/p>\n\n\n\n<blockquote class=\"wp-block-quote is-layout-flow wp-block-quote-is-layout-flow\">\n<p>Arts and Communication Research Centre at the University of Algarve <br>CLP \u2013 Centre for Portuguese Literature at the University of Coimbra<br>CET \u2013 University of Lisbon Centre for Theatre Studies<br><a rel=\"noreferrer noopener\" href=\"https:\/\/www.cienciavitae.pt\/portal\/F916-5C9E-5AD6\" target=\"_blank\">https:\/\/www.cienciavitae.pt\/portal\/F916-5C9E-5AD6<\/a><\/p>\n<\/blockquote>\n\n\n\n<p>Ana Cristina Ara\u00fajo | University of Coimbra<\/p>\n\n\n\n<blockquote class=\"wp-block-quote is-layout-flow wp-block-quote-is-layout-flow\">\n<p>CHSC \u2013 Centre for the History of Society and Culture at the University of Coimbra<br><a rel=\"noreferrer noopener\" href=\"https:\/\/www.cienciavitae.pt\/portal\/C812-DDC3-C9A3\" target=\"_blank\">https:\/\/www.cienciavitae.pt\/portal\/C812-DDC3-C9A3<\/a><\/p>\n<\/blockquote>\n\n\n\n<p>Ana Isabel Moniz | University of Madeira<\/p>\n\n\n\n<blockquote class=\"wp-block-quote is-layout-flow wp-block-quote-is-layout-flow\">\n<p>CEC \u2013 Centre for Comparative Studies at the University of Lisbon<br><a rel=\"noreferrer noopener\" href=\"https:\/\/www.cienciavitae.pt\/portal\/951A-82D4-3082\" target=\"_blank\">https:\/\/www.cienciavitae.pt\/portal\/951A-82D4-3082<\/a><\/p>\n<\/blockquote>\n\n\n\n<p>Ana Isabel Vasconcelos | University \u201cAberta\u201d<\/p>\n\n\n\n<blockquote class=\"wp-block-quote is-layout-flow wp-block-quote-is-layout-flow\">\n<p>CLP \u2013 Centre for Portuguese Literature at the University of Coimbra<br>CET \u2013 University of Lisbon Centre for Theatre Studies<br><a rel=\"noreferrer noopener\" href=\"https:\/\/www.cienciavitae.pt\/portal\/C11D-5953-63A9\" target=\"_blank\">https:\/\/www.cienciavitae.pt\/portal\/C11D-5953-63A9<\/a><\/p>\n<\/blockquote>\n\n\n\n<p>Ana Paula Coutinho Mendes | University of Porto<\/p>\n\n\n\n<blockquote class=\"wp-block-quote is-layout-flow wp-block-quote-is-layout-flow\">\n<p>ILCML \u2013 Institute for Comparative Literature Margarida Losa of the Faculty of Letters at the University of Porto<br><a rel=\"noreferrer noopener\" href=\"https:\/\/www.cienciavitae.pt\/portal\/2E13-CC7B-FD16\" target=\"_blank\">https:\/\/www.cienciavitae.pt\/portal\/2E13-CC7B-FD16<\/a><\/p>\n<\/blockquote>\n\n\n\n<p>Dominique Faria | University of the Azores<\/p>\n\n\n\n<blockquote class=\"wp-block-quote is-layout-flow wp-block-quote-is-layout-flow\">\n<p>CEC \u2013 Centre for Comparative Studies at the University of Lisbon<br><a rel=\"noreferrer noopener\" href=\"https:\/\/www.cienciavitae.pt\/portal\/EF14-4262-AA78\" target=\"_blank\">https:\/\/www.cienciavitae.pt\/portal\/EF14-4262-AA78<\/a><\/p>\n<\/blockquote>\n\n\n\n<p>Fl\u00e1vio Borda D&#8217;\u00c1gua<\/p>\n\n\n\n<blockquote class=\"wp-block-quote is-layout-flow wp-block-quote-is-layout-flow\">\n<p>Library of Geneva \u2013 Voltaire Institute and Museum<\/p>\n\n\n\n<p><a rel=\"noreferrer noopener\" href=\"https:\/\/fbordadagua.com\/\" data-type=\"URL\" data-id=\"https:\/\/fbordadagua.com\/\" target=\"_blank\">https:\/\/fbordadagua.com\/<\/a><\/p>\n<\/blockquote>\n\n\n\n<p>Jo\u00e3o Domingues | University of Coimbra<\/p>\n\n\n\n<blockquote class=\"wp-block-quote is-layout-flow wp-block-quote-is-layout-flow\">\n<p>CLP \u2013 Centre for Portuguese Literature at the University of Coimbra<br><a rel=\"noreferrer noopener\" href=\"https:\/\/www.cienciavitae.pt\/portal\/9015-9F8C-D95F\" target=\"_blank\">https:\/\/www.cienciavitae.pt\/portal\/9015-9F8C-D95F<\/a><\/p>\n<\/blockquote>\n\n\n\n<p>Jorge M. C. Almeida e Pinho | University of Coimbra<\/p>\n\n\n\n<blockquote class=\"wp-block-quote is-layout-flow wp-block-quote-is-layout-flow\">\n<p>CETAPS &#8211; Centre for English, Translation, and Anglo-Portuguese Studies (NovaFCSH &amp; FLUP)<\/p>\n\n\n\n<p><a href=\"https:\/\/www.cienciavitae.pt\/\/pt\/9815-7D0B-5E1C\">https:\/\/www.cienciavitae.pt\/\/pt\/9815-7D0B-5E1C<\/a><\/p>\n<\/blockquote>\n\n\n\n<p>Jos\u00e9 Cam\u00f5es | University of Lisbon<\/p>\n\n\n\n<blockquote class=\"wp-block-quote is-layout-flow wp-block-quote-is-layout-flow\">\n<p>CET \u2013 University of Lisbon Centre for Theatre Studies<br><a rel=\"noreferrer noopener\" href=\"https:\/\/www.cienciavitae.pt\/portal\/1E1A-15F2-6C4C\" target=\"_blank\">https:\/\/www.cienciavitae.pt\/portal\/1E1A-15F2-6C4C<\/a><\/p>\n<\/blockquote>\n\n\n\n<p>Lic\u00ednia Ferreira<\/p>\n\n\n\n<blockquote class=\"wp-block-quote is-layout-flow wp-block-quote-is-layout-flow\">\n<p>CET \u2013 University of Lisbon Centre for Theatre Studies<br>CLP \u2013 Centre for Portuguese Literature at the University of Coimbra<\/p>\n\n\n\n<p><a href=\"https:\/\/www.cienciavitae.pt\/portal\/821E-C67F-9D2A\">https:\/\/www.cienciavitae.pt\/portal\/821E-C67F-9D2A<\/a><\/p>\n<\/blockquote>\n\n\n\n<p>Maria da Natividade Pires | Polytechnic Institute of Castelo Branco<\/p>\n\n\n\n<blockquote class=\"wp-block-quote is-layout-flow wp-block-quote-is-layout-flow\">\n<p>IELT \u2013 Institute of Literature and Tradition Studies at the New University of Lisbon<\/p>\n\n\n\n<p>CLP \u2013 Centre for Portuguese Literature at the University of Coimbra<br><a rel=\"noreferrer noopener\" href=\"https:\/\/www.cienciavitae.pt\/portal\/511E-5D94-45E3\" target=\"_blank\">https:\/\/www.cienciavitae.pt\/portal\/511E-5D94-45E3<\/a><\/p>\n<\/blockquote>\n\n\n\n<p>Maria do Ros\u00e1rio Neto Mariano | University of Coimbra<\/p>\n\n\n\n<blockquote class=\"wp-block-quote is-layout-flow wp-block-quote-is-layout-flow\">\n<p>CLP \u2013 Centre for Portuguese Literature at the University of Coimbra<br><a rel=\"noreferrer noopener\" href=\"https:\/\/www.cienciavitae.pt\/portal\/381D-81E8-308C\" target=\"_blank\">https:\/\/www.cienciavitae.pt\/portal\/381D-81E8-308C<\/a><\/p>\n<\/blockquote>\n\n\n\n<p>Maria Helena Santana | University of Coimbra<br><\/p>\n\n\n\n<blockquote class=\"wp-block-quote is-layout-flow wp-block-quote-is-layout-flow\">\n<p>CLP \u2013 Centre for Portuguese Literature at the University of Coimbra<br><a rel=\"noreferrer noopener\" href=\"https:\/\/www.cienciavitae.pt\/portal\/9B1E-AE03-9DB3\" target=\"_blank\">https:\/\/www.cienciavitae.pt\/portal\/9B1E-AE03-9DB3<\/a><\/p>\n<\/blockquote>\n\n\n\n<p>Maria Lu\u00edsa Malato Rosa Borralho | University of Porto<\/p>\n\n\n\n<blockquote class=\"wp-block-quote is-layout-flow wp-block-quote-is-layout-flow\">\n<p>ILCML \u2013 Institute for Comparative Literature Margarida Losa of the Faculty of Letters at the University of Porto<br><a rel=\"noreferrer noopener\" href=\"https:\/\/www.cienciavitae.pt\/portal\/731F-4555-6064\" target=\"_blank\">https:\/\/www.cienciavitae.pt\/portal\/731F-4555-6064<\/a><\/p>\n<\/blockquote>\n\n\n\n<p>Marie Eulalie Monteiro Pereira | University of Coimbra<\/p>\n\n\n\n<blockquote class=\"wp-block-quote is-layout-flow wp-block-quote-is-layout-flow\">\n<p>Section of French Studies of the Faculty of Arts \u2013 University of Coimbra<\/p>\n<\/blockquote>\n\n\n\n<p>Marta Rosa | University of Lisbon<\/p>\n\n\n\n<blockquote class=\"wp-block-quote is-layout-flow wp-block-quote-is-layout-flow\">\n<p>CET \u2013 University of Lisbon Centre for Theatre Studies<br><a rel=\"noreferrer noopener\" href=\"https:\/\/www.cienciavitae.pt\/portal\/9419-5788-0224\" target=\"_blank\">https:\/\/www.cienciavitae.pt\/portal\/9419-5788-0224<\/a><\/p>\n<\/blockquote>\n\n\n\n<p>Marta Marecos Duarte<\/p>\n\n\n\n<blockquote class=\"wp-block-quote is-layout-flow wp-block-quote-is-layout-flow\">\n<p>CLP \u2013 Centre for Portuguese Literature at the University of Coimbra<br>CLEPUL \u2013 Centre for Lusophone and European Literatures and Cultures at the University of Lisbon<br><a rel=\"noreferrer noopener\" href=\"https:\/\/www.cienciavitae.pt\/portal\/1C10-01A2-3439\" target=\"_blank\">https:\/\/www.cienciavitae.pt\/portal\/1C10-01A2-3439<\/a><\/p>\n<\/blockquote>\n\n\n\n<p>Pablo Iglesias Magalh\u00e3es | Federal University of Western Bahia \/ Federal University of Sergipe \u2013 Brazil<\/p>\n\n\n\n<blockquote class=\"wp-block-quote is-style-default is-layout-flow wp-block-quote-is-layout-flow\">\n<p>Humanities Centre <\/p>\n\n\n\n<p><a href=\"http:\/\/lattes.cnpq.br\/2208149605868630\">http:\/\/lattes.cnpq.br\/2208149605868630<\/a><\/p>\n\n\n\n<p><a href=\"https:\/\/orcid.org\/0000-0001-5590-3889\">https:\/\/orcid.org\/0000-0001-5590-3889<\/a><\/p>\n<\/blockquote>\n\n\n\n<p>Paulo Silva Pereira | University of Coimbra<\/p>\n\n\n\n<blockquote class=\"wp-block-quote is-layout-flow wp-block-quote-is-layout-flow\">\n<p>CLP \u2013 Centre for Portuguese Literature at the University of Coimbra<br><a href=\"https:\/\/www.cienciavitae.pt\/portal\/CC19-F84E-FFE9%0A\">https:\/\/www.cienciavitae.pt\/portal\/CC19-F84E-FFE9<\/a><\/p>\n<\/blockquote>\n\n\n\n<p>Rita Bueno Maia | Portuguese Catholic University<\/p>\n\n\n\n<blockquote class=\"wp-block-quote is-layout-flow wp-block-quote-is-layout-flow\">\n<p>CECC \u2013 Centre for Communication and Culture Studies at the Portuguese Catholic University<br>CLP \u2013 Centre for Portuguese Literature at the University of Coimbra<br><a href=\"https:\/\/www.cienciavitae.pt\/portal\/EF14-4262-AA78\">https:\/\/www.cienciavitae.pt\/portal\/EF14-4262-AA78<\/a><\/p>\n<\/blockquote>\n","protected":false},"excerpt":{"rendered":"<p>Project The project &#8220;Mapping Voltaire in Portugal and in Portuguese Literature&#8221; aims at establishing and analysingthe corpus of Portuguese translations of Voltaire&#8217;s works &#8211; narrative and dramatic fiction, epics, philosophical and political essays -, from the late 18th century to the present day, with an extension to the critical texts associated with that corpus produced [&hellip;]<\/p>\n","protected":false},"author":1,"featured_media":0,"parent":0,"menu_order":0,"comment_status":"closed","ping_status":"closed","template":"","meta":{"_acf_changed":false,"footnotes":""},"class_list":["post-512","page","type-page","status-publish","hentry"],"acf":[],"_links":{"self":[{"href":"https:\/\/cartografarvoltaire.uc.pt\/en\/wp-json\/wp\/v2\/pages\/512","targetHints":{"allow":["GET"]}}],"collection":[{"href":"https:\/\/cartografarvoltaire.uc.pt\/en\/wp-json\/wp\/v2\/pages"}],"about":[{"href":"https:\/\/cartografarvoltaire.uc.pt\/en\/wp-json\/wp\/v2\/types\/page"}],"author":[{"embeddable":true,"href":"https:\/\/cartografarvoltaire.uc.pt\/en\/wp-json\/wp\/v2\/users\/1"}],"replies":[{"embeddable":true,"href":"https:\/\/cartografarvoltaire.uc.pt\/en\/wp-json\/wp\/v2\/comments?post=512"}],"version-history":[{"count":5,"href":"https:\/\/cartografarvoltaire.uc.pt\/en\/wp-json\/wp\/v2\/pages\/512\/revisions"}],"predecessor-version":[{"id":1299,"href":"https:\/\/cartografarvoltaire.uc.pt\/en\/wp-json\/wp\/v2\/pages\/512\/revisions\/1299"}],"wp:attachment":[{"href":"https:\/\/cartografarvoltaire.uc.pt\/en\/wp-json\/wp\/v2\/media?parent=512"}],"curies":[{"name":"wp","href":"https:\/\/api.w.org\/{rel}","templated":true}]}}